{"id":8161,"date":"2026-04-21T11:25:47","date_gmt":"2026-04-21T09:25:47","guid":{"rendered":"https:\/\/www.klimapic.de\/?page_id=8161"},"modified":"2026-04-21T11:25:47","modified_gmt":"2026-04-21T09:25:47","slug":"datenrettung","status":"publish","type":"page","link":"https:\/\/www.klimapic.de\/?page_id=8161","title":{"rendered":"Datenrettung"},"content":{"rendered":"\n<p>Man hoffe es nie. Aber wenn es doch passiert ist guter Rat teuer. Der Defekt einer Speicherkarte oder einer Festplatte ist f\u00fcr die Fotografie das Schlimmste, was passieren kann. Ich kann euch hier einen Partner anbieten, der im Fall der F\u00e4lle das passende Angebot f\u00fcr euch hat. Gerade wenn es um unwiederbringliche Momente geht (z.B. Hochzeit, Feiern oder Familienfeste) sollte man keine Experimente wagen. Eine gute Wahl ist da dann Daten Phoenix. Sie sind eine Ewigkeit schon am Markt und wissen was sie tun.<\/p>\n\n\n\n<p>Hier die wichtigsten Punkte aus dem Angebot:<\/p>\n\n\n\n<p><strong>Kostenloser Versand<\/strong>: Die Abholung des Mediums ist im Preis enthalten.<br><strong>Kostenlose Analyse<\/strong>: Wir liefern eine vollst\u00e4ndige Bewertung innerhalb von 24 Stunden.<br><strong>Interaktive Dateiliste<\/strong>: Kunden k\u00f6nnen wiederherstellbare Dateien vor einer Entscheidung einsehen.<br><strong>Keine Kosten bei Nichtannahme: <\/strong>Wird die Wiederherstellung nicht beauftragt, wird das Medium kostenlos zur\u00fcckgesendet.<\/p>\n\n\n\n<p>Nutze das Formular von meinem Partner, gebt die Daten an und du bekommst ein Angebot f\u00fcr deinen speziellen Fall. Ich vermittel hier den Auftrag, deine Daten sind zu keiner Zeit f\u00fcr mich zug\u00e4nglich.<\/p>\n\n\n\n<figure class=\"wp-block-image size-large is-resized\"><img loading=\"lazy\" decoding=\"async\" width=\"1024\" height=\"125\" src=\"https:\/\/www.klimapic.de\/wp-content\/uploads\/2026\/04\/datenphoenix-1024x125.png\" alt=\"\" class=\"wp-image-8173\" style=\"width:800px\" srcset=\"https:\/\/www.klimapic.de\/wp-content\/uploads\/2026\/04\/datenphoenix-1024x125.png 1024w, https:\/\/www.klimapic.de\/wp-content\/uploads\/2026\/04\/datenphoenix-300x37.png 300w, https:\/\/www.klimapic.de\/wp-content\/uploads\/2026\/04\/datenphoenix-150x18.png 150w, https:\/\/www.klimapic.de\/wp-content\/uploads\/2026\/04\/datenphoenix-768x94.png 768w, https:\/\/www.klimapic.de\/wp-content\/uploads\/2026\/04\/datenphoenix-1536x188.png 1536w, https:\/\/www.klimapic.de\/wp-content\/uploads\/2026\/04\/datenphoenix-2048x251.png 2048w, https:\/\/www.klimapic.de\/wp-content\/uploads\/2026\/04\/datenphoenix-210x26.png 210w, https:\/\/www.klimapic.de\/wp-content\/uploads\/2026\/04\/datenphoenix-1960x240.png 1960w, https:\/\/www.klimapic.de\/wp-content\/uploads\/2026\/04\/datenphoenix-scaled.png 2560w\" sizes=\"auto, (max-width: 980px) 100vw, 980px\" \/><\/figure>\n\n\n\n<iframe loading=\"lazy\" id=\"referralIframe\" src=\"https:\/\/partner.datenphoenix.de\/referral-form\/embed?account=WDIrZjArbUFocGhoY1JxWDZtcjNqc21DaHRhaFQ1SnhrME9PQUxobXk0dz0%3D&#038;cost_center=DE9&#038;lead_website=https%3A%2F%2Fwww.datenphoenix.de&#038;color=%230080ff&#038;button_color=%230080ff&#038;label_color=%23000000&#038;input_border_color=%23dddddd&#038;font_color=%23000000&#038;background_color=%23ffffff&#038;heading_font=Arial&#038;body_font=Arial&#038;button_font=Arial\" scrolling=\"no\" width=\"800\" height=\"1200\"><\/iframe>\n\n\n\n<p>Sollten sie deine Daten retten k\u00f6nnen und du den Auftrag erteilen, bekomme ich eine kleine Provision. Das kostet dich nicht extra, du zahlst nur den Preis aus dem Angebot.<\/p>\n","protected":false},"excerpt":{"rendered":"<p>Man hoffe es nie. Aber wenn es doch passiert ist guter Rat teuer. Der Defekt einer Speicherkarte oder einer Festplatte ist f\u00fcr die Fotografie das Schlimmste, was passieren kann. Ich kann euch hier einen Partner anbieten, der im Fall der F\u00e4lle das passende Angebot f\u00fcr euch hat. Gerade wenn es um unwiederbringliche Momente geht (z.B. [&hellip;]<\/p>\n","protected":false},"author":1,"featured_media":0,"parent":0,"menu_order":0,"comment_status":"closed","ping_status":"closed","template":"","meta":{"ngg_post_thumbnail":0,"footnotes":""},"class_list":["post-8161","page","type-page","status-publish","hentry"],"_links":{"self":[{"href":"https:\/\/www.klimapic.de\/index.php?rest_route=\/wp\/v2\/pages\/8161","targetHints":{"allow":["GET"]}}],"collection":[{"href":"https:\/\/www.klimapic.de\/index.php?rest_route=\/wp\/v2\/pages"}],"about":[{"href":"https:\/\/www.klimapic.de\/index.php?rest_route=\/wp\/v2\/types\/page"}],"author":[{"embeddable":true,"href":"https:\/\/www.klimapic.de\/index.php?rest_route=\/wp\/v2\/users\/1"}],"replies":[{"embeddable":true,"href":"https:\/\/www.klimapic.de\/index.php?rest_route=%2Fwp%2Fv2%2Fcomments&post=8161"}],"version-history":[{"count":14,"href":"https:\/\/www.klimapic.de\/index.php?rest_route=\/wp\/v2\/pages\/8161\/revisions"}],"predecessor-version":[{"id":8176,"href":"https:\/\/www.klimapic.de\/index.php?rest_route=\/wp\/v2\/pages\/8161\/revisions\/8176"}],"wp:attachment":[{"href":"https:\/\/www.klimapic.de\/index.php?rest_route=%2Fwp%2Fv2%2Fmedia&parent=8161"}],"curies":[{"name":"wp","href":"https:\/\/api.w.org\/{rel}","templated":true}]}}