{"id":7952,"date":"2025-02-26T10:51:30","date_gmt":"2025-02-26T09:51:30","guid":{"rendered":"https:\/\/www.klimapic.de\/?page_id=7952"},"modified":"2025-02-26T10:51:41","modified_gmt":"2025-02-26T09:51:41","slug":"portfolio","status":"publish","type":"page","link":"https:\/\/www.klimapic.de\/?page_id=7952","title":{"rendered":"PORTFOLIO"},"content":{"rendered":"\n<p>Du m\u00f6chtest dir einen \u00dcberblick dar\u00fcber verschaffen, was ich alles im Portfolio habe? Dann darfst du dich hier gerne umsehen.<\/p>\n\n\n\n<p>Aktuell kannst du dir Bilder in den folgenden Bereichen online ansehen:<\/p>\n\n\n\n<p><a href=\"https:\/\/www.klimapic.de\/?page_id=7673\" data-type=\"page\" data-id=\"7673\">BLACK AND WHITE<\/a><br><a href=\"https:\/\/www.klimapic.de\/?page_id=7683\" data-type=\"page\" data-id=\"7683\">COLOR<\/a><br><a href=\"https:\/\/www.klimapic.de\/?page_id=7908\" data-type=\"page\" data-id=\"7908\">FAMILIY AND FRINDS<\/a><br><a href=\"https:\/\/www.klimapic.de\/?page_id=7919\" data-type=\"page\" data-id=\"7919\">MIT TIEREN<\/a><\/p>\n\n\n\n<p>Mein Portfolio deckt aber auch folgende Bereiche ab:<\/p>\n\n\n\n<p>HOCHZEITEN<br>FAMILIENFEIER<br>FIRMEN PORTRAITS<\/p>\n\n\n\n<p>Solltest du Fragen haben, dann kontaktiere mich gerne. Informationen zur Kontaktaufnahme habe ich im <a href=\"https:\/\/www.klimapic.de\/?page_id=75\" data-type=\"page\" data-id=\"75\">Impressum <\/a>aufgef\u00fchrt.<\/p>\n\n\n\n<p><\/p>\n","protected":false},"excerpt":{"rendered":"<p>Du m\u00f6chtest dir einen \u00dcberblick dar\u00fcber verschaffen, was ich alles im Portfolio habe? Dann darfst du dich hier gerne umsehen. Aktuell kannst du dir Bilder in den folgenden Bereichen online ansehen: BLACK AND WHITECOLORFAMILIY AND FRINDSMIT TIEREN Mein Portfolio deckt aber auch folgende Bereiche ab: HOCHZEITENFAMILIENFEIERFIRMEN PORTRAITS Solltest du Fragen haben, dann kontaktiere mich gerne. [&hellip;]<\/p>\n","protected":false},"author":1,"featured_media":0,"parent":0,"menu_order":0,"comment_status":"closed","ping_status":"closed","template":"","meta":{"ngg_post_thumbnail":0,"footnotes":""},"class_list":["post-7952","page","type-page","status-publish","hentry"],"_links":{"self":[{"href":"https:\/\/www.klimapic.de\/index.php?rest_route=\/wp\/v2\/pages\/7952","targetHints":{"allow":["GET"]}}],"collection":[{"href":"https:\/\/www.klimapic.de\/index.php?rest_route=\/wp\/v2\/pages"}],"about":[{"href":"https:\/\/www.klimapic.de\/index.php?rest_route=\/wp\/v2\/types\/page"}],"author":[{"embeddable":true,"href":"https:\/\/www.klimapic.de\/index.php?rest_route=\/wp\/v2\/users\/1"}],"replies":[{"embeddable":true,"href":"https:\/\/www.klimapic.de\/index.php?rest_route=%2Fwp%2Fv2%2Fcomments&post=7952"}],"version-history":[{"count":2,"href":"https:\/\/www.klimapic.de\/index.php?rest_route=\/wp\/v2\/pages\/7952\/revisions"}],"predecessor-version":[{"id":7954,"href":"https:\/\/www.klimapic.de\/index.php?rest_route=\/wp\/v2\/pages\/7952\/revisions\/7954"}],"wp:attachment":[{"href":"https:\/\/www.klimapic.de\/index.php?rest_route=%2Fwp%2Fv2%2Fmedia&parent=7952"}],"curies":[{"name":"wp","href":"https:\/\/api.w.org\/{rel}","templated":true}]}}