{"id":2,"date":"2018-06-12T07:45:24","date_gmt":"2018-06-12T07:45:24","guid":{"rendered":"http:\/\/new.klimapic.de\/?page_id=2"},"modified":"2025-04-01T08:42:01","modified_gmt":"2025-04-01T06:42:01","slug":"sample-page","status":"publish","type":"page","link":"https:\/\/www.klimapic.de\/","title":{"rendered":"Starke Foto-Shootings die man sich leisten kann"},"content":{"rendered":"\n<p>Du bist auf der Suche nach einem Fotografen um deine Momente festzuhalten? Ich biete authentische und ehrliche Fotos zu Preisen die sich jeder Geldbeutel leisten kann.<\/p>\n\n\n\n<p>Ganz gleich ob du f\u00fcr dich alleine ein Foto Shooting suchst, Bilder mit deinem Partner machen m\u00f6chtest oder ein gro\u00dfes Fest ansteht. Ich betreue das Projekt von Anfang bis Ende. Alles Wichtige wird vorab gekl\u00e4rt. Bei mir gibt es keine versteckten Kosten. Du buchst mich zu einem festen Preis, den wir vorab ausmachen.<\/p>\n\n\n\n<hr class=\"wp-block-separator has-alpha-channel-opacity\"\/>\n\n\n\n<p><strong><mark style=\"background-color:rgba(0, 0, 0, 0)\" class=\"has-inline-color has-vivid-cyan-blue-color\">Flex Shooting<\/mark><\/strong><\/p>\n\n\n\n<p>Seit Januar 2025 biete ich viele Foto Termine unter einem neuen Preismodel an. Ab 39 Euro kannst du nun einen Foto Termin buchen. Mehr Informationen findest du hier: <a href=\"https:\/\/www.klimapic.de\/?page_id=7859\" data-type=\"page\" data-id=\"7859\">Flex-Shooting<\/a><\/p>\n\n\n\n<hr class=\"wp-block-separator has-alpha-channel-opacity\"\/>\n\n\n\n<p>Solltest du weitere Fragen haben, findest du zahlreiche Kontaktm\u00f6glichkeiten im <a href=\"https:\/\/www.klimapic.de\/?page_id=75\" data-type=\"page\" data-id=\"75\">Impressum<\/a> oder nutze die <a href=\"https:\/\/www.klimapic.de\/?page_id=4312\" data-type=\"page\" data-id=\"4312\">Anfrage<\/a> f\u00fcr den ersten Kontakt.<\/p>\n\n\n\n<hr class=\"wp-block-separator has-alpha-channel-opacity\"\/>\n\n\n\n<p><strong><mark style=\"background-color:rgba(0, 0, 0, 0)\" class=\"has-inline-color has-vivid-cyan-blue-color\">Meine neusten Blog-Beitr\u00e4ge<\/mark><\/strong><\/p>\n\n\n<ul style=\"background-color:#2d2a2a;\" class=\"wp-block-latest-posts__list has-dates wp-block-latest-posts has-background\"><li><a class=\"wp-block-latest-posts__post-title\" href=\"https:\/\/www.klimapic.de\/?p=8053\">Diana ist zur\u00fcck<\/a><time datetime=\"2025-09-30T08:01:36+02:00\" class=\"wp-block-latest-posts__post-date\">30. September 2025<\/time><div class=\"wp-block-latest-posts__post-excerpt\">Sie war zwar nie wirklich weg, aber vor der Kamera ist sie gut 1,5 Jahre nicht mehr gewesen. Nun passte alles mal wieder gut zusammen, die Kalender waren sich auch\u2026\u00a0<a class=\"wp-block-latest-posts__read-more\" href=\"https:\/\/www.klimapic.de\/?p=8053\" rel=\"noopener noreferrer\"><span class=\"screen-reader-text\">Diana ist zur\u00fcck <\/span>weiterlesen<\/a><\/div><\/li>\n<li><a class=\"wp-block-latest-posts__post-title\" href=\"https:\/\/www.klimapic.de\/?p=8060\">Die Farbe Herbst 2025<\/a><time datetime=\"2025-09-24T13:39:21+02:00\" class=\"wp-block-latest-posts__post-date\">24. September 2025<\/time><div class=\"wp-block-latest-posts__post-excerpt\">Ich m\u00f6chte heute mal eine Idee f\u00fcr den Herbst aufrufen. Ich suche dich und deine Idee, um in einem Shooting eine ganz bestimmte Farbe umzusetzen. Wer also irgendwie die hier\u2026\u00a0<a class=\"wp-block-latest-posts__read-more\" href=\"https:\/\/www.klimapic.de\/?p=8060\" rel=\"noopener noreferrer\"><span class=\"screen-reader-text\">Die Farbe Herbst 2025 <\/span>weiterlesen<\/a><\/div><\/li>\n<\/ul>\n\n\n<p>Viel Spa\u00df auf meiner Webseite<br>Christian Klimaschewski<\/p>\n\n\n\n<p><\/p>\n","protected":false},"excerpt":{"rendered":"<p>Du bist auf der Suche nach einem Fotografen um deine Momente festzuhalten? Ich biete authentische und ehrliche Fotos zu Preisen die sich jeder Geldbeutel leisten kann. Ganz gleich ob du f\u00fcr dich alleine ein Foto Shooting suchst, Bilder mit deinem Partner machen m\u00f6chtest oder ein gro\u00dfes Fest ansteht. Ich betreue das Projekt von Anfang bis [&hellip;]<\/p>\n","protected":false},"author":1,"featured_media":0,"parent":0,"menu_order":1,"comment_status":"closed","ping_status":"open","template":"","meta":{"ngg_post_thumbnail":0,"footnotes":""},"class_list":["post-2","page","type-page","status-publish","hentry"],"_links":{"self":[{"href":"https:\/\/www.klimapic.de\/index.php?rest_route=\/wp\/v2\/pages\/2","targetHints":{"allow":["GET"]}}],"collection":[{"href":"https:\/\/www.klimapic.de\/index.php?rest_route=\/wp\/v2\/pages"}],"about":[{"href":"https:\/\/www.klimapic.de\/index.php?rest_route=\/wp\/v2\/types\/page"}],"author":[{"embeddable":true,"href":"https:\/\/www.klimapic.de\/index.php?rest_route=\/wp\/v2\/users\/1"}],"replies":[{"embeddable":true,"href":"https:\/\/www.klimapic.de\/index.php?rest_route=%2Fwp%2Fv2%2Fcomments&post=2"}],"version-history":[{"count":28,"href":"https:\/\/www.klimapic.de\/index.php?rest_route=\/wp\/v2\/pages\/2\/revisions"}],"predecessor-version":[{"id":7975,"href":"https:\/\/www.klimapic.de\/index.php?rest_route=\/wp\/v2\/pages\/2\/revisions\/7975"}],"wp:attachment":[{"href":"https:\/\/www.klimapic.de\/index.php?rest_route=%2Fwp%2Fv2%2Fmedia&parent=2"}],"curies":[{"name":"wp","href":"https:\/\/api.w.org\/{rel}","templated":true}]}}